{"id":51,"date":"2021-12-03T12:22:09","date_gmt":"2021-12-03T12:22:09","guid":{"rendered":"https:\/\/projektkonsulenten.dk\/?page_id=51"},"modified":"2021-12-09T12:53:12","modified_gmt":"2021-12-09T12:53:12","slug":"om","status":"publish","type":"page","link":"https:\/\/projektkonsulenten.dk\/index.php\/om\/","title":{"rendered":"Baggrund"},"content":{"rendered":"\n<p>Jeg er uddannet Bygge- og anl\u00e6gsingeni\u00f8r fra Aalborg Universitet Esbjerg i 2001, med speciale indenfor vejbygning.<\/p>\n\n\n\n<p>Min karriere startede hos S\u00f8nderjyllands Amts Vejv\u00e6sen, hvor jeg frem til kommunalreformen i 2007 havde ansvaret for projektering, udbud og byggeledelse af en r\u00e6kke vej- og stiprojekter.<\/p>\n\n\n\n<p>Siden har jeg v\u00e6ret ansat i tre forskellige kommuner, hvor opgaverne har sp\u00e6ndt vidt, dog med et prim\u00e6rt gennemg\u00e5ende fokus p\u00e5 projektledelse af anl\u00e6gsopgaver.<\/p>\n\n\n\n<p>Projekterne jeg har v\u00e6ret ansvarlig for, har gradvist \u00e6ndret karakter fra vejprojekter til ogs\u00e5 at omhandle byrumsprojekter, klimatilpasningsprojekter og rekreative projekter.<\/p>\n\n\n\n<p>Det seneste \u00e5r har jeg pr\u00f8ver kr\u00e6fter med r\u00e5dgiversiden, hvor jeg har fungeret som projekteringsleder p\u00e5 mindre og mellemstore projekter.<\/p>\n\n\n\n<p>Jeg fungerer bedst i den koordinerende rolle mellem bestiller, interessenter, projektteam og r\u00e5dgivere.    <\/p>\n","protected":false},"excerpt":{"rendered":"<p>Jeg er uddannet Bygge- og anl\u00e6gsingeni\u00f8r fra Aalborg Universitet Esbjerg i 2001, med speciale indenfor vejbygning. Min karriere startede hos S\u00f8nderjyllands Amts Vejv\u00e6sen, hvor jeg frem til kommunalreformen i 2007 havde ansvaret for projektering, udbud og byggeledelse af en r\u00e6kke vej- og stiprojekter. Siden har jeg v\u00e6ret ansat i tre forskellige kommuner, hvor opgaverne har&hellip; <a class=\"more-link\" href=\"https:\/\/projektkonsulenten.dk\/index.php\/om\/\">L\u00e6s mere <span class=\"screen-reader-text\">Baggrund<\/span><\/a><\/p>\n","protected":false},"author":1,"featured_media":0,"parent":0,"menu_order":0,"comment_status":"closed","ping_status":"closed","template":"","meta":[],"_links":{"self":[{"href":"https:\/\/projektkonsulenten.dk\/index.php\/wp-json\/wp\/v2\/pages\/51"}],"collection":[{"href":"https:\/\/projektkonsulenten.dk\/index.php\/wp-json\/wp\/v2\/pages"}],"about":[{"href":"https:\/\/projektkonsulenten.dk\/index.php\/wp-json\/wp\/v2\/types\/page"}],"author":[{"embeddable":true,"href":"https:\/\/projektkonsulenten.dk\/index.php\/wp-json\/wp\/v2\/users\/1"}],"replies":[{"embeddable":true,"href":"https:\/\/projektkonsulenten.dk\/index.php\/wp-json\/wp\/v2\/comments?post=51"}],"version-history":[{"count":12,"href":"https:\/\/projektkonsulenten.dk\/index.php\/wp-json\/wp\/v2\/pages\/51\/revisions"}],"predecessor-version":[{"id":142,"href":"https:\/\/projektkonsulenten.dk\/index.php\/wp-json\/wp\/v2\/pages\/51\/revisions\/142"}],"wp:attachment":[{"href":"https:\/\/projektkonsulenten.dk\/index.php\/wp-json\/wp\/v2\/media?parent=51"}],"curies":[{"name":"wp","href":"https:\/\/api.w.org\/{rel}","templated":true}]}}