{"id":52,"date":"2021-12-03T12:22:09","date_gmt":"2021-12-03T12:22:09","guid":{"rendered":"https:\/\/projektkonsulenten.dk\/?page_id=52"},"modified":"2021-12-09T13:58:03","modified_gmt":"2021-12-09T13:58:03","slug":"projekter","status":"publish","type":"page","link":"https:\/\/projektkonsulenten.dk\/index.php\/projekter\/","title":{"rendered":"Projekter"},"content":{"rendered":"\n<div class=\"wp-block-media-text alignwide is-stacked-on-mobile\"><figure class=\"wp-block-media-text__media\"><img decoding=\"async\" loading=\"lazy\" width=\"1024\" height=\"576\" src=\"https:\/\/projektkonsulenten.dk\/wp-content\/uploads\/2021\/12\/Hovedstroeget-Roedovre-1024x576.jpg\" alt=\"\" class=\"wp-image-109 size-full\" srcset=\"https:\/\/projektkonsulenten.dk\/wp-content\/uploads\/2021\/12\/Hovedstroeget-Roedovre-1024x576.jpg 1024w, https:\/\/projektkonsulenten.dk\/wp-content\/uploads\/2021\/12\/Hovedstroeget-Roedovre-300x169.jpg 300w, https:\/\/projektkonsulenten.dk\/wp-content\/uploads\/2021\/12\/Hovedstroeget-Roedovre-768x432.jpg 768w, https:\/\/projektkonsulenten.dk\/wp-content\/uploads\/2021\/12\/Hovedstroeget-Roedovre-1536x864.jpg 1536w, https:\/\/projektkonsulenten.dk\/wp-content\/uploads\/2021\/12\/Hovedstroeget-Roedovre-1568x882.jpg 1568w, https:\/\/projektkonsulenten.dk\/wp-content\/uploads\/2021\/12\/Hovedstroeget-Roedovre.jpg 2048w\" sizes=\"(max-width: 1024px) 100vw, 1024px\" \/><\/figure><div class=\"wp-block-media-text__content\">\n<p class=\"has-large-font-size\">Aage Knudsens Str\u00f8g i R\u00f8dovre<em> <\/em><\/p>\n\n\n\n<p class=\"has-small-font-size\"><em>Projektleder hos MOE A\/S<\/em><\/p>\n\n\n\n<p class=\"has-small-font-size\" style=\"line-height:1.2\"><em>Projektleder\/p<em>rojekteringsleder: 2021<\/em><\/em> <\/p>\n\n\n\n<p style=\"line-height:1.4\">Et nyt hovedstr\u00f8g p\u00e5 ca. 14.000 m<sup>2<\/sup> skal binde R\u00f8dovres nye bymidte sammen og forsinke overfladevand fra str\u00f8get og de omkringliggende byggefelter. S\u00e6rligt fokus p\u00e5 afstemning med bygherre og koordinering med projekteringsgruppe.<\/p>\n\n\n\n<p class=\"has-extra-small-font-size\"><a href=\"https:\/\/www.rk.dk\/presse\/pressemeddelelser\/meddelelse\/artikel\/roedovre_faar_nyt_stroeg\/\">https:\/\/www.rk.dk\/presse\/pressemeddelelser\/meddelelse\/artikel\/roedovre_faar_nyt_stroeg\/<\/a><\/p>\n<\/div><\/div>\n\n\n\n<div class=\"wp-block-media-text alignwide is-stacked-on-mobile\"><figure class=\"wp-block-media-text__media\"><img decoding=\"async\" loading=\"lazy\" width=\"920\" height=\"550\" src=\"https:\/\/projektkonsulenten.dk\/wp-content\/uploads\/2021\/12\/Badeanstalt.jpg\" alt=\"\" class=\"wp-image-107 size-full\" srcset=\"https:\/\/projektkonsulenten.dk\/wp-content\/uploads\/2021\/12\/Badeanstalt.jpg 920w, https:\/\/projektkonsulenten.dk\/wp-content\/uploads\/2021\/12\/Badeanstalt-300x179.jpg 300w, https:\/\/projektkonsulenten.dk\/wp-content\/uploads\/2021\/12\/Badeanstalt-768x459.jpg 768w\" sizes=\"(max-width: 920px) 100vw, 920px\" \/><\/figure><div class=\"wp-block-media-text__content\">\n<p class=\"has-large-font-size\">Badeanstalt i Vallensb\u00e6k Havn<em> <\/em><\/p>\n\n\n\n<p class=\"has-small-font-size\" style=\"line-height:1.2\"><em>Bygherre\/projektleder hos Vallensb\u00e6k Kommune<\/em> <\/p>\n\n\n\n<p class=\"has-small-font-size\" style=\"line-height:1.2\"><em><em>Planl\u00e6gning, koordinering, udbud og myndighedstilladelser: 2018-2020<\/em> <\/em> <\/p>\n\n\n\n<p style=\"line-height:1.4\">Der anl\u00e6gges en badeanstalt i Vallensb\u00e6k Havn som led i den politiske m\u00e5ls\u00e6tning om at skabe attraktive forhold for udeliv, f\u00e6llesskab og sundhed i Vallensb\u00e6k. S\u00e6rligt fokus p\u00e5 interessentinvolvering og myndighedstilladelser.<\/p>\n\n\n\n<p class=\"has-extra-small-font-size\"><a href=\"https:\/\/www.vallensbaek.dk\/om-kommunen\/nyhedsarkiv\/kom-til-indvielse-af-vallensbaeks-nye-badeanstalt\">https:\/\/www.vallensbaek.dk\/om-kommunen\/nyhedsarkiv\/kom-til-indvielse-af-vallensbaeks-nye-badeanstalt<\/a><\/p>\n<\/div><\/div>\n\n\n\n<div class=\"wp-block-media-text alignwide is-stacked-on-mobile\"><figure class=\"wp-block-media-text__media\"><img decoding=\"async\" loading=\"lazy\" width=\"600\" height=\"300\" src=\"https:\/\/projektkonsulenten.dk\/wp-content\/uploads\/2021\/12\/strandengen.jpg\" alt=\"\" class=\"wp-image-102 size-full\" srcset=\"https:\/\/projektkonsulenten.dk\/wp-content\/uploads\/2021\/12\/strandengen.jpg 600w, https:\/\/projektkonsulenten.dk\/wp-content\/uploads\/2021\/12\/strandengen-300x150.jpg 300w\" sizes=\"(max-width: 600px) 100vw, 600px\" \/><\/figure><div class=\"wp-block-media-text__content\">\n<p class=\"has-large-font-size\">Strandengen<\/p>\n\n\n\n<p class=\"has-small-font-size\" style=\"line-height:1.2\"><em>Bygherre\/projektleder hos Vallensb\u00e6k Kommune<\/em> <\/p>\n\n\n\n<p class=\"has-small-font-size\" style=\"line-height:1.2\"><em>Planl\u00e6gning, koordinering og myndighedstilladelser: 2018-2020<\/em> <\/p>\n\n\n\n<p style=\"line-height:1.4\">Det Gr\u00f8nne Str\u00f8g f\u00f8res videre til havnen gennem det naturbeskyttede omr\u00e5de Strandengen, hvor klimas\u00f8 forenes med natur og oplevelser. S\u00e6rligt fokus p\u00e5 interessenth\u00e5ndtering og myndighedstilladelser.<\/p>\n\n\n\n<p class=\"has-extra-small-font-size\"><a href=\"https:\/\/www.vallensbaek.dk\/om-kommunen\/nyhedsarkiv\/arbejdet-paa-strandengen-i-vallensbaek-gaar-i-gang-det-groenne-stroeg-skal-foeres-fra-by-til-strand\">https:\/\/www.vallensbaek.dk\/om-kommunen\/nyhedsarkiv\/arbejdet-paa-strandengen-i-vallensbaek-gaar-i-gang-det-groenne-stroeg-skal-foeres-fra-by-til-strand<\/a> <\/p>\n<\/div><\/div>\n\n\n\n<div class=\"wp-block-media-text alignwide is-stacked-on-mobile\"><figure class=\"wp-block-media-text__media\"><img decoding=\"async\" loading=\"lazy\" width=\"600\" height=\"300\" src=\"https:\/\/projektkonsulenten.dk\/wp-content\/uploads\/2021\/12\/havneudvidelse.jpg\" alt=\"\" class=\"wp-image-105 size-full\" srcset=\"https:\/\/projektkonsulenten.dk\/wp-content\/uploads\/2021\/12\/havneudvidelse.jpg 600w, https:\/\/projektkonsulenten.dk\/wp-content\/uploads\/2021\/12\/havneudvidelse-300x150.jpg 300w\" sizes=\"(max-width: 600px) 100vw, 600px\" \/><\/figure><div class=\"wp-block-media-text__content\">\n<p class=\"has-large-font-size\">Udvidelse af Vallensb\u00e6k Havn<\/p>\n\n\n\n<p class=\"has-small-font-size\" style=\"line-height:1.2\"><em>Bygherre\/projektleder hos Vallensb\u00e6k Kommune<\/em> <\/p>\n\n\n\n<p class=\"has-small-font-size\" style=\"line-height:1.2\"><em>Planl\u00e6gning, koordinering, udbud og myndighedstilladelser: 2018-2020<\/em> <\/p>\n\n\n\n<p style=\"line-height:1.4\">Vallensb\u00e6k Havn er udvidet for at opn\u00e5 bedre plads til b\u00e5dopbevaring om vinteren samt plads til ophold og rekreative aktiviteter om sommeren. S\u00e6rligt fokus p\u00e5 interessentinvolvering og myndighedstilladelser.<\/p>\n\n\n\n<p class=\"has-extra-small-font-size\"><a href=\"https:\/\/www.folkebladet.dk\/2021\/04\/havnen-er-blevet-stoerre\/\">https:\/\/www.folkebladet.dk\/2021\/04\/havnen-er-blevet-stoerre\/<\/a><\/p>\n<\/div><\/div>\n\n\n\n<div class=\"wp-block-media-text alignwide is-stacked-on-mobile\"><figure class=\"wp-block-media-text__media\"><img decoding=\"async\" loading=\"lazy\" width=\"542\" height=\"300\" src=\"https:\/\/projektkonsulenten.dk\/wp-content\/uploads\/2021\/12\/det_groenne_stroeg_villahaverne.jpg\" alt=\"\" class=\"wp-image-97 size-full\" srcset=\"https:\/\/projektkonsulenten.dk\/wp-content\/uploads\/2021\/12\/det_groenne_stroeg_villahaverne.jpg 542w, https:\/\/projektkonsulenten.dk\/wp-content\/uploads\/2021\/12\/det_groenne_stroeg_villahaverne-300x166.jpg 300w\" sizes=\"(max-width: 542px) 100vw, 542px\" \/><\/figure><div class=\"wp-block-media-text__content\">\n<p class=\"has-large-font-size\">Det Gr\u00f8nne Str\u00f8g<\/p>\n\n\n\n<p class=\"has-small-font-size\" style=\"line-height:1.2\"><em>Assisterende projektleder hos Vallensb\u00e6k Kommune<\/em> <\/p>\n\n\n\n<p class=\"has-small-font-size\" style=\"line-height:1.2\"><em>Planl\u00e6gning og udf\u00f8relse: 2017-2018<\/em> <\/p>\n\n\n\n<p style=\"line-height:1.4\">P\u00e5 det aflagte vejareal langs Vallensb\u00e6k Torvevej anl\u00e6gges Det Gr\u00f8nne Str\u00f8g, som led i visionen om at binde by og havn sammen.<\/p>\n<\/div><\/div>\n\n\n\n<div class=\"wp-block-media-text alignwide is-stacked-on-mobile\"><figure class=\"wp-block-media-text__media\"><img decoding=\"async\" loading=\"lazy\" width=\"800\" height=\"409\" src=\"https:\/\/projektkonsulenten.dk\/wp-content\/uploads\/2021\/12\/Amfi.jpg\" alt=\"\" class=\"wp-image-99 size-full\" srcset=\"https:\/\/projektkonsulenten.dk\/wp-content\/uploads\/2021\/12\/Amfi.jpg 800w, https:\/\/projektkonsulenten.dk\/wp-content\/uploads\/2021\/12\/Amfi-300x153.jpg 300w, https:\/\/projektkonsulenten.dk\/wp-content\/uploads\/2021\/12\/Amfi-768x393.jpg 768w\" sizes=\"(max-width: 800px) 100vw, 800px\" \/><\/figure><div class=\"wp-block-media-text__content\">\n<p class=\"has-large-font-size\">Vejombygning og anl\u00e6g af amfi<\/p>\n\n\n\n<p class=\"has-small-font-size\" style=\"line-height:1.2\"><em>Bygherre\/projektleder hos Vallensb\u00e6k Kommun<\/em>e <\/p>\n\n\n\n<p class=\"has-small-font-size\" style=\"line-height:1.2\"><em>Planl\u00e6gning, koordinering, udbud og udf\u00f8relse: 2016-2018<\/em> <\/p>\n\n\n\n<p style=\"line-height:1.4\">Vallensb\u00e6k Stationstorv ombygges for at skabe bedre udearealer til Egholmskolen og en mere trafiksikker skolevej.  S\u00e6rligt fokus p\u00e5 koordinering og kommunikation. <\/p>\n\n\n\n<p class=\"has-extra-small-font-size\"><a href=\"https:\/\/www.folkebladet.dk\/2017\/02\/nyt-amfi-omraade-og-bedre-trafiksikkerhed-ved-egholmskolen\/\">https:\/\/www.folkebladet.dk\/2017\/02\/nyt-amfi-omraade-og-bedre-trafiksikkerhed-ved-egholmskolen\/<\/a> <\/p>\n<\/div><\/div>\n\n\n\n<div class=\"wp-block-media-text alignwide is-stacked-on-mobile\"><figure class=\"wp-block-media-text__media\"><img decoding=\"async\" loading=\"lazy\" width=\"800\" height=\"376\" src=\"https:\/\/projektkonsulenten.dk\/wp-content\/uploads\/2021\/12\/Vallensbaek-Torvevej.png\" alt=\"\" class=\"wp-image-95 size-full\" srcset=\"https:\/\/projektkonsulenten.dk\/wp-content\/uploads\/2021\/12\/Vallensbaek-Torvevej.png 800w, https:\/\/projektkonsulenten.dk\/wp-content\/uploads\/2021\/12\/Vallensbaek-Torvevej-300x141.png 300w, https:\/\/projektkonsulenten.dk\/wp-content\/uploads\/2021\/12\/Vallensbaek-Torvevej-768x361.png 768w\" sizes=\"(max-width: 800px) 100vw, 800px\" \/><\/figure><div class=\"wp-block-media-text__content\">\n<p class=\"has-large-font-size\">Vejindsn\u00e6vringer og rundk\u00f8rsler<\/p>\n\n\n\n<p class=\"has-small-font-size\" style=\"line-height:1.2\"><em>Bygherre\/projektleder hos Vallensb\u00e6k Kommune<\/em> <\/p>\n\n\n\n<p class=\"has-small-font-size\" style=\"line-height:1.2\"><em>Planl\u00e6gning, koordinering, udbud og udf\u00f8relse: 2016-2018<\/em> <\/p>\n\n\n\n<p style=\"line-height:1.4\">Strandesplanaden og dele af Vallensb\u00e6k Torvevej blev indsn\u00e6vret fra fire til to spor og der blev anlagt to rundk\u00f8rsler p\u00e5 Vallensb\u00e6k Torvevej med henblik p\u00e5 at s\u00e6nke hastig og st\u00f8j samt forbedre trafiksikkerheden. S\u00e6rligt fokus p\u00e5 koordinering og kommunikation.<\/p>\n\n\n\n<p class=\"has-extra-small-font-size\"><a href=\"https:\/\/www.gate21.dk\/vejindsnaevringer-og-hastighedsbegraensning-2\/\">https:\/\/www.gate21.dk\/vejindsnaevringer-og-hastighedsbegraensning-2\/<\/a> <\/p>\n<\/div><\/div>\n\n\n\n<div class=\"wp-block-media-text alignwide is-stacked-on-mobile\"><figure class=\"wp-block-media-text__media\"><img decoding=\"async\" loading=\"lazy\" width=\"599\" height=\"315\" src=\"https:\/\/projektkonsulenten.dk\/wp-content\/uploads\/2021\/12\/Rundkoersel-Idraets-Alle-1.jpg\" alt=\"\" class=\"wp-image-94 size-full\" srcset=\"https:\/\/projektkonsulenten.dk\/wp-content\/uploads\/2021\/12\/Rundkoersel-Idraets-Alle-1.jpg 599w, https:\/\/projektkonsulenten.dk\/wp-content\/uploads\/2021\/12\/Rundkoersel-Idraets-Alle-1-300x158.jpg 300w\" sizes=\"(max-width: 599px) 100vw, 599px\" \/><\/figure><div class=\"wp-block-media-text__content\">\n<p class=\"has-large-font-size\">Rundk\u00f8rsel Vallensb\u00e6k Torvevej \/ Idr\u00e6ts All\u00e9<\/p>\n\n\n\n<p class=\"has-small-font-size\" style=\"line-height:1.2\"><em>Bygherre\/projektleder hos Vallensb\u00e6k Kommune<\/em> <\/p>\n\n\n\n<p class=\"has-small-font-size\" style=\"line-height:1.2\"><em>Planl\u00e6gning, udbud og udf\u00f8relse: 2016<\/em> <\/p>\n\n\n\n<p style=\"line-height:1.4\">Krydset Vallensb\u00e6k Torvevej \/ Idr\u00e6ts All\u00e9 blev bygget om til rundk\u00f8rsel for at forbedre trafiksikkerheden. S\u00e6rligt fokus p\u00e5 trafikafvikling under udf\u00f8relsen.<\/p>\n\n\n\n<p class=\"has-extra-small-font-size\"><a href=\"https:\/\/www.folkebladet.dk\/2016\/08\/ny-rundkoersel\/\">https:\/\/www.folkebladet.dk\/2016\/08\/ny-rundkoersel\/<\/a> <\/p>\n<\/div><\/div>\n\n\n\n<div class=\"wp-block-media-text alignwide is-stacked-on-mobile\"><figure class=\"wp-block-media-text__media\"><img decoding=\"async\" loading=\"lazy\" width=\"599\" height=\"315\" src=\"https:\/\/projektkonsulenten.dk\/wp-content\/uploads\/2021\/12\/Islev-Torv.jpg\" alt=\"\" class=\"wp-image-91 size-full\" srcset=\"https:\/\/projektkonsulenten.dk\/wp-content\/uploads\/2021\/12\/Islev-Torv.jpg 599w, https:\/\/projektkonsulenten.dk\/wp-content\/uploads\/2021\/12\/Islev-Torv-300x158.jpg 300w\" sizes=\"(max-width: 599px) 100vw, 599px\" \/><\/figure><div class=\"wp-block-media-text__content\">\n<p class=\"has-large-font-size\">Ombygning af Islev Torv<\/p>\n\n\n\n<p class=\"has-small-font-size\" style=\"line-height:1.2\"><em>Bygherre\/projektleder hos R\u00f8dovre Kommune<\/em> <\/p>\n\n\n\n<p class=\"has-small-font-size\" style=\"line-height:1.2\"><em>Planl\u00e6gning, koordinering, udbud og udf\u00f8relse: 2015-2016<\/em> <\/p>\n\n\n\n<p style=\"line-height:1.4\">Med henblik p\u00e5 at skabe mere liv og h\u00f8jne kvaliteten af omr\u00e5det blev Islev Torv bygget om som anden etape af ID-Linjen. S\u00e6rligt fokus p\u00e5 koordinering mellem projekterende, intern projektgruppe og styregruppe samt interessenter. <\/p>\n\n\n\n<p class=\"has-extra-small-font-size\"><a href=\"https:\/\/ghb-landskab.dk\/projekter\/islev-torv\">https:\/\/ghb-landskab.dk\/projekter\/islev-torv<\/a> <\/p>\n<\/div><\/div>\n\n\n\n<div class=\"wp-block-media-text alignwide is-stacked-on-mobile\"><figure class=\"wp-block-media-text__media\"><img decoding=\"async\" loading=\"lazy\" width=\"800\" height=\"408\" src=\"https:\/\/projektkonsulenten.dk\/wp-content\/uploads\/2021\/12\/Tunnel-islevtorv-5.jpg\" alt=\"\" class=\"wp-image-89 size-full\" srcset=\"https:\/\/projektkonsulenten.dk\/wp-content\/uploads\/2021\/12\/Tunnel-islevtorv-5.jpg 800w, https:\/\/projektkonsulenten.dk\/wp-content\/uploads\/2021\/12\/Tunnel-islevtorv-5-300x153.jpg 300w, https:\/\/projektkonsulenten.dk\/wp-content\/uploads\/2021\/12\/Tunnel-islevtorv-5-768x392.jpg 768w\" sizes=\"(max-width: 800px) 100vw, 800px\" \/><\/figure><div class=\"wp-block-media-text__content\">\n<p class=\"has-large-font-size\">Oml\u00e6gning af trafik i stitunnel ved Islev Torv<\/p>\n\n\n\n<p class=\"has-small-font-size\" style=\"line-height:1.2\"><em>Bygherre\/projektleder hos R\u00f8dovre Kommune<\/em><\/p>\n\n\n\n<p class=\"has-small-font-size\" style=\"line-height:1.2\"><em>Planl\u00e6gning, koordinering og udf\u00f8relse: 2014<\/em> <\/p>\n\n\n\n<p style=\"line-height:1.4\">Som f\u00f8rste etape af ID-linjen i R\u00f8dovre blev stitunnelen under Motorring 3 ved Islev Torv \u00e5bnet for ensrettet biltrafik. S\u00e6rligt fokus p\u00e5 interessenth\u00e5ndtering og kommunikation.<\/p>\n\n\n\n<p class=\"has-extra-small-font-size\" style=\"line-height:1.4\"><a href=\"https:\/\/www.rnn.dk\/2014\/12\/alle-veje-foerer-til-islev-torv\/  \">https:\/\/www.rnn.dk\/2014\/12\/alle-veje-foerer-til-islev-torv\/  <\/a><\/p>\n<\/div><\/div>\n","protected":false},"excerpt":{"rendered":"<p>Aage Knudsens Str\u00f8g i R\u00f8dovre Projektleder hos MOE A\/S Projektleder\/projekteringsleder: 2021 Et nyt hovedstr\u00f8g p\u00e5 ca. 14.000 m2 skal binde R\u00f8dovres nye bymidte sammen og forsinke overfladevand fra str\u00f8get og de omkringliggende byggefelter. S\u00e6rligt fokus p\u00e5 afstemning med bygherre og koordinering med projekteringsgruppe. https:\/\/www.rk.dk\/presse\/pressemeddelelser\/meddelelse\/artikel\/roedovre_faar_nyt_stroeg\/ Badeanstalt i Vallensb\u00e6k Havn Bygherre\/projektleder hos Vallensb\u00e6k Kommune Planl\u00e6gning, koordinering, udbud&hellip; <a class=\"more-link\" href=\"https:\/\/projektkonsulenten.dk\/index.php\/projekter\/\">L\u00e6s mere <span class=\"screen-reader-text\">Projekter<\/span><\/a><\/p>\n","protected":false},"author":1,"featured_media":0,"parent":0,"menu_order":0,"comment_status":"closed","ping_status":"closed","template":"","meta":[],"_links":{"self":[{"href":"https:\/\/projektkonsulenten.dk\/index.php\/wp-json\/wp\/v2\/pages\/52"}],"collection":[{"href":"https:\/\/projektkonsulenten.dk\/index.php\/wp-json\/wp\/v2\/pages"}],"about":[{"href":"https:\/\/projektkonsulenten.dk\/index.php\/wp-json\/wp\/v2\/types\/page"}],"author":[{"embeddable":true,"href":"https:\/\/projektkonsulenten.dk\/index.php\/wp-json\/wp\/v2\/users\/1"}],"replies":[{"embeddable":true,"href":"https:\/\/projektkonsulenten.dk\/index.php\/wp-json\/wp\/v2\/comments?post=52"}],"version-history":[{"count":28,"href":"https:\/\/projektkonsulenten.dk\/index.php\/wp-json\/wp\/v2\/pages\/52\/revisions"}],"predecessor-version":[{"id":170,"href":"https:\/\/projektkonsulenten.dk\/index.php\/wp-json\/wp\/v2\/pages\/52\/revisions\/170"}],"wp:attachment":[{"href":"https:\/\/projektkonsulenten.dk\/index.php\/wp-json\/wp\/v2\/media?parent=52"}],"curies":[{"name":"wp","href":"https:\/\/api.w.org\/{rel}","templated":true}]}}