{"id":6,"date":"2021-12-03T10:48:31","date_gmt":"2021-12-03T10:48:31","guid":{"rendered":"https:\/\/projektkonsulenten.dk\/?page_id=6"},"modified":"2021-12-09T13:21:25","modified_gmt":"2021-12-09T13:21:25","slug":"velkommen","status":"publish","type":"page","link":"https:\/\/projektkonsulenten.dk\/","title":{"rendered":"Velkommen"},"content":{"rendered":"\n<p>Jeg har den 1. december 2021 startet virksomheden Projektkonsulenten. Jeg tilbyder konsulentydelser indenfor projektledelse og varetagelse af bygherrefunktioner p\u00e5 anl\u00e6gsprojekter.  <\/p>\n\n\n\n<p>Jeg har ca. 20 \u00e5rs erfaring indenfor anl\u00e6gsbranchen. Mange af \u00e5rene har jeg fungeret som projektleder og bygherre hos kommuner. Det seneste \u00e5r har jeg pr\u00f8vet projekteringslederrollen af p\u00e5 r\u00e5dgiversiden.<\/p>\n\n\n\n<p>Jeg er en fair teamplayer der kan holde fokus, overblik og skabe fremdrift. Jeg arbejder struktureret og tager stort ejerskab til mine projekter, hvilket skinner igennem i m\u00f8det med projektejer, styregruppe og interessenter.<\/p>\n\n\n\n<p>Jeg har god erfaring med og forst\u00e5else for<\/p>\n\n\n\n<ul><li>At udarbejde politiske dagsordenspunkter<\/li><li>At afstemme og styre \u00f8konomi, tid og kvalitet<\/li><li>At involvere og h\u00e5ndtere interessenter<\/li><li>At varetage r\u00e5dgiverkontakten fra id\u00e9 til udf\u00f8relse<\/li><li>At samarbejde med drift og myndigheder<\/li><\/ul>\n\n\n\n<p>Personligt trives jeg bedst i et uformelt milj\u00f8, hvor humor, hj\u00e6lpsomhed og engagement pr\u00e6ger hverdagen.<\/p>\n\n\n\n<p>Kontakt mig meget gerne for en uforpligtende snak&#8230;<\/p>\n\n\n\n<div class=\"is-layout-flex wp-container-3 wp-block-columns\">\n<div class=\"is-layout-flow wp-block-column is-vertically-aligned-center\">\n<p style=\"line-height:0\">Tina Pardi Aalund<\/p>\n\n\n\n<p style=\"line-height:0\">4330 Hvals\u00f8<\/p>\n\n\n\n<p style=\"line-height:0\">Mobil  51 54 60 08<\/p>\n\n\n\n<p style=\"line-height:0\">Tina@projektkonsulenten.dk<\/p>\n<\/div>\n\n\n\n<div class=\"is-layout-flow wp-block-column\">\n<div class=\"wp-block-image is-style-default\"><figure class=\"alignright size-large is-resized\"><img decoding=\"async\" loading=\"lazy\" src=\"https:\/\/projektkonsulenten.dk\/wp-content\/uploads\/2021\/12\/Profilbillede-LinkedIn-nov-2021-1-911x1024.jpg\" alt=\"\" class=\"wp-image-61\" width=\"168\" height=\"188\" srcset=\"https:\/\/projektkonsulenten.dk\/wp-content\/uploads\/2021\/12\/Profilbillede-LinkedIn-nov-2021-1-911x1024.jpg 911w, https:\/\/projektkonsulenten.dk\/wp-content\/uploads\/2021\/12\/Profilbillede-LinkedIn-nov-2021-1-267x300.jpg 267w, https:\/\/projektkonsulenten.dk\/wp-content\/uploads\/2021\/12\/Profilbillede-LinkedIn-nov-2021-1-768x863.jpg 768w, https:\/\/projektkonsulenten.dk\/wp-content\/uploads\/2021\/12\/Profilbillede-LinkedIn-nov-2021-1.jpg 1112w\" sizes=\"(max-width: 168px) 100vw, 168px\" \/><\/figure><\/div>\n<\/div>\n<\/div>\n","protected":false},"excerpt":{"rendered":"<p>Jeg har den 1. december 2021 startet virksomheden Projektkonsulenten. Jeg tilbyder konsulentydelser indenfor projektledelse og varetagelse af bygherrefunktioner p\u00e5 anl\u00e6gsprojekter. Jeg har ca. 20 \u00e5rs erfaring indenfor anl\u00e6gsbranchen. Mange af \u00e5rene har jeg fungeret som projektleder og bygherre hos kommuner. Det seneste \u00e5r har jeg pr\u00f8vet projekteringslederrollen af p\u00e5 r\u00e5dgiversiden. Jeg er en fair teamplayer&hellip; <a class=\"more-link\" href=\"https:\/\/projektkonsulenten.dk\/\">L\u00e6s mere <span class=\"screen-reader-text\">Velkommen<\/span><\/a><\/p>\n","protected":false},"author":1,"featured_media":0,"parent":0,"menu_order":0,"comment_status":"closed","ping_status":"closed","template":"","meta":[],"_links":{"self":[{"href":"https:\/\/projektkonsulenten.dk\/index.php\/wp-json\/wp\/v2\/pages\/6"}],"collection":[{"href":"https:\/\/projektkonsulenten.dk\/index.php\/wp-json\/wp\/v2\/pages"}],"about":[{"href":"https:\/\/projektkonsulenten.dk\/index.php\/wp-json\/wp\/v2\/types\/page"}],"author":[{"embeddable":true,"href":"https:\/\/projektkonsulenten.dk\/index.php\/wp-json\/wp\/v2\/users\/1"}],"replies":[{"embeddable":true,"href":"https:\/\/projektkonsulenten.dk\/index.php\/wp-json\/wp\/v2\/comments?post=6"}],"version-history":[{"count":24,"href":"https:\/\/projektkonsulenten.dk\/index.php\/wp-json\/wp\/v2\/pages\/6\/revisions"}],"predecessor-version":[{"id":130,"href":"https:\/\/projektkonsulenten.dk\/index.php\/wp-json\/wp\/v2\/pages\/6\/revisions\/130"}],"wp:attachment":[{"href":"https:\/\/projektkonsulenten.dk\/index.php\/wp-json\/wp\/v2\/media?parent=6"}],"curies":[{"name":"wp","href":"https:\/\/api.w.org\/{rel}","templated":true}]}}